{"id":2175,"date":"2018-08-07T03:24:47","date_gmt":"2018-08-07T02:24:47","guid":{"rendered":"http:\/\/www.iisks.com\/?page_id=2175"},"modified":"2018-08-07T03:26:18","modified_gmt":"2018-08-07T02:26:18","slug":"%d8%a8%db%95%d8%b1%d9%86%d8%a7%d9%85%db%95%da%a9%d8%a7%d9%86","status":"publish","type":"page","link":"http:\/\/www.iisks.com\/ku\/%d8%a8%db%95%d8%b1%d9%86%d8%a7%d9%85%db%95%da%a9%d8%a7%d9%86\/","title":{"rendered":"\u0628\u06d5\u0631\u0646\u0627\u0645\u06d5\u06a9\u0627\u0646"},"content":{"rendered":"<p>[vc_row][vc_column][vc_column_text]<\/p>\n<h3 style=\"text-align: center;\"><a href=\"http:\/\/www.iisks.com\/wp-content\/uploads\/2015\/11\/ext.png\"><img loading=\"lazy\" decoding=\"async\" class=\"aligncenter wp-image-1665\" src=\"http:\/\/www.iisks.com\/wp-content\/uploads\/2015\/11\/ext.png\" alt=\"\" width=\"199\" height=\"117\" srcset=\"http:\/\/www.iisks.com\/wp-content\/uploads\/2015\/11\/ext.png 756w, http:\/\/www.iisks.com\/wp-content\/uploads\/2015\/11\/ext-600x352.png 600w, http:\/\/www.iisks.com\/wp-content\/uploads\/2015\/11\/ext-300x176.png 300w\" sizes=\"auto, (max-width: 199px) 100vw, 199px\" \/><\/a><\/h3>\n<h3 style=\"text-align: center;\"><span style=\"color: #ff0000;\"><strong><span style=\"color: #000000;\">FOR SUBMITTING ABSTRACTS AND PANEL PROPOSALS <\/span><\/strong><\/span><\/h3>\n<h4 style=\"text-align: center;\"><span style=\"color: #000000;\"><strong>IISKS CONFERENCE|FRANKFURT AM MAIN|2017<\/strong><\/span><\/h4>\n<p>&nbsp;<\/p>\n<p style=\"text-align: justify;\">In response to the many requests we have received for additional time, the deadline for the submission of conference abstracts\/panel proposals for IISKS CONFERENCE|FRANKFURT AM MAIN|2017 has been extended to APRIL 10, 2017. Please click on the following link to access the submissions form: <span style=\"color: #3366ff;\"><a style=\"color: #3366ff;\" href=\"http:\/\/www.iisks.com\/conference-2017\/submission\/\">http:\/\/www.iisks.com\/conference-2017\/submission\/<\/a><\/span><\/p>\n<p style=\"text-align: justify;\">Please stay tuned for further information concerning IISKS CONFERENCE|FRANKFURT AM MAIN|2017 and\u00a0bear in mind that, this is the final notice and the deadline will not be extended again.<\/p>\n<p><em>International Institute for the study of Kurdish Societies<br \/>\nGottingen, Germany<\/em>[\/vc_column_text][\/vc_column][vc_column][vc_column_text css=&#8221;.vc_custom_1488995567601{background-color: #f4f4f4 !important;}&#8221;]<\/p>\n<h1 style=\"text-align: center;\">How to make a voice audible? Continuity and change of Kurdish culture and of social reality in postcolonial perspectives<\/h1>\n<h4 style=\"text-align: center;\">Dr Joanna Boche\u0144ska<\/h4>\n<p>&nbsp;<\/p>\n<p style=\"text-align: justify;\"><span style=\"color: #000000;\">The research project <em>How to make a voice audible? Continuity and change of Kurdish culture and of social reality in postcolonial perspectives <\/em>granted us by the <a style=\"color: #000000;\" href=\"http:\/\/www.ncn.gov.pl\/?language=en\" target=\"_blank\" rel=\"noopener noreferrer\">National Science Center<\/a> of Poland in the scope of SonataBis1 program is the first Polish team research project devoted to the culture and socio-political reality of the Kurds. Until now Polish knowledge of the Middle East has been concentrated more on the context of the legally existing states such as Turkey, Iraq, Iran, Syria etc. and their cultures and realities. The Kurds were presented mostly from the perspective of those states, thus the knowledge of them was hampered and insufficient. However it is also extremely important to see the Middle East from the perspective of the Kurdish nation as one of the biggest Middle East minorities as well as one of the defeated nations \u2013 a notion used by the Kurdish writer Mehmed Uzun. It is crucial to understand the profound problems of the Middle East as well as its multiple and diverse reality.<\/span><\/p>\n<p style=\"text-align: justify;\"><span style=\"color: #000000;\">The necessity of taking into consideration such perspective \u2013 of so called \u201csubalterns\u201d or \u201elosers\u201d \u2013 is also very much stressed by contemporary postcolonial studies, which are the starting point and the cohesive factor of this project. The main aim of the project is to analyze the continuity and the change processes of Kurdistan and the Kurds taking into consideration the complex dynamics of the postcolonial reality as many postcolonial theoretics define it. The goal of contemporary Kurdish writers, activists and politicians, who struggle to make the Kurdish issue visible in the area of world cultural heritage as well as international affairs suggests that the postcolonial theories should be applied. It is beyond question that the postcolonial theories first of all ask and search for the role of the subaltern groups\u2019 voice, as G. Ch. Spivak, Homi Bhabha, Leela Gandhi or Ewa Doma\u0144ska defines it. However, and it must be stressed at the very beginning that the situation of Kurdish people, their culture and activity is very special in some respect and it seems that the postcolonial perspective and methodology based on it can not be treated as the exclusive approach.<\/span><\/p>\n<p style=\"text-align: justify;\"><span style=\"color: #000000;\">In this context a more thorough and complex analysis of chosen subjects will be proposed. It will concentrate directly on four dimensions starting with the role of literature and language in creating values, followed by the analysis of selected issues of cultural and social life of the Kurds and Kurdistan.<\/span><\/p>\n<ol>\n<li style=\"text-align: justify;\"><span style=\"color: #000000;\">Ethic and aesthetic values of Kurdish literature and culture (Dr Joanna Boche\u0144ska\u2019s project)<\/span><\/li>\n<li style=\"text-align: justify;\"><span style=\"color: #000000;\">The role of translation into Kurdish in creating new social, moral and cultural values. (Dr Marcin Rzepka\u2019 s project)<\/span><\/li>\n<li style=\"text-align: justify;\"><span style=\"color: #000000;\">Socio-political role of Kurdish cultural institutions. (Dr Renata Kurpiewska-Korbut)<\/span><\/li>\n<li style=\"text-align: justify;\"><span style=\"color: #000000;\">Majority and minority. The relations between Kurds and christian minorities in Iraqi and Turkey part of Kurdistan. (Krzysztof Lalik)<\/span><\/li>\n<li style=\"text-align: justify;\"><span style=\"color: #000000;\">Social construction and negotiation of ethnic identity among Kurds in Turkey in every day and festive practices (Karol Kaczorowski).<\/span><\/li>\n<\/ol>\n<p style=\"text-align: justify;\"><span style=\"color: #000000;\">Today it is the voice of Kurdish literature which creates a better, much deeper and sensitive dimension for studying the situation of Kurdistan and the Middle East. It concentrates not only on historical or sociological perspectives but tries to penetrate psychological, cultural or philosophical and even theological sides of problems such as power, domination, submission, free will, common and individual responsibility, the source of love and hate, of good and evil, cooperation and aggression, peace and conflict. It is the voice of culture which is to be raised by many Kurdish writers in order to enable it to influence the reality, making it \u201cless militaristic and more human\u201d as Suleyman Demir, one of the Kurdish writers, had stressed in the interview given to Joanna Boche\u0144ska in 2009.<\/span><\/p>\n<p style=\"text-align: justify;\"><span style=\"color: #000000;\">The voice of culture, and so called \u201chuman values\u201d as many writers call it, has already started to penetrate Kurdistan and the Middle East gradually raising the impact on its reality. It is evident in the activity of newly established cultural institutions to give only one example of Mala Dengb\u00eajan (The House of Dengbej &#8211; traditional singers\/storytellers), which creation was not only the result of the demand of tradition but rather of the influence of contemporary ideas. Kurdish writer Mehmed Uzun, for example, has stressed the big role of dengbejs in the salvation of Kurdish language and culture. We can also observe some impact of the culture voice and of literary ideas in the changing attitude toward other minorities. Mehmed Uzun, Hesen\u00ea Met\u00ea, Jan Dost and many other writers have enhanced the importance of Armenian and Assyrian presence as well as the role of Kurdistan\u2019s multiculturalism and religious syncretism. However, the influence of literary ideas seems rather indirect as reading books is still a new and not a very widespread phenomenon in Kurdistan. Institutions seem one of the most significant factors which can accelerate \u201cthe culture impact\u201d on reality.<\/span><\/p>\n<p style=\"text-align: justify;\"><span style=\"color: #000000;\">So it is so important to analyze the Kurdish reality &#8211; its dinamics and changes &#8211; in a more complex and multidimentional way being aware of many different phenomena. So, it is possible to study the continuous and changing interactions between thoughts, ethics, literature, and cultural, social and political reality of Kurdistan and in the Kurdish diaspora. Our aim is to carry out thorough research in the fields which are in focus of our individual interests as well as to cooperate with each other in some selected fields which are close or common to our research programs. Being the first joint research project in Poland to cover the reality of different parts of Kurdistan and Europe it will build a comparative perspective which now seems crucial for developing Kurdish studies. The Kurdish issue and Kurdish studies have been usually considered in the scope of national theories. Not undermining the role of the aforementioned theories, the main aim of this project is to look at Kurdish contemporary reality (cultural and social activity) in a more complex way in order to find deeper, multidimensional perspective for studying it. This can provide the thorough analysis of the continuity and the change processes of Kurdish culture.<\/span><\/p>\n<p style=\"text-align: justify;\"><span style=\"color: #000000;\">The project, based on selected theories will deal with some dichotomies such as: tradition vs. innovation, West vs. East, religion vs. secularism, politics vs. culture as well as with the problem of Kurdish national identity rooted in 19th centuries changes of the whole Middle East. The project will bring a key contribution to the development of Kurdish studies in Poland. A \u2018team project\u2019, which can provide a thorough and interdisciplinary analysis of continuation and change processes in Kurdistan, taking into consideration different points of views and various academic perspectives. Kurdish studies are dispersive and need to be consolidated by pooling existing knowledge. Being one of the first team projects it will permit a more detailed and multidimensional perspective for studying the Kurdish issue but at the same time collating all information of the team\u2019s field scholars bringing an important contribution to the process of Kurdish studies&#8217; by consolidation. Being an interdisciplinary project it will also contribute to many different humanistic disciplines such as ethics, literary studies, postcolonial studies, sociology and political sciences.<\/span><\/p>\n<p style=\"text-align: justify;\"><span style=\"color: #000000;\">It is important to stress that this project is a matter of significant importance due to the changes that have been taking place in the Middle East over the last few years as well as the growing multicultural dimension of the European community in which Kurdish representatives are among the most active figures. Until the beginning of the 21st century Kurds were known as one of the biggest nations without their own country (with an estimated 40 million people of the Kurdish population worldwide), desperate fighters for independence, poor and weak refugees and immigrants or, on the contrary, as cruel terrorists. However after the American intervention in Iraq in 2003 when the Kurdistan Region was formally established the Kurds became one of the driving forces of the democratic changes not only in Iraq but in the Middle East as well. The sociopolitical and cultural situation of contemporary Turkey also gives hope for a peaceful solution of the Kurdish question in the immediate future. The changed reality in Turkey and especially in the Iraqi Kurdistan Region significantly influence the activity of Kurds in Iran and Syria being for them an impulse to fight for their own rights. It is worth mentioning that this factor is of crucial importance in these countries which still fails to provide basic freedoms and observance of human rights. The changed situation has created new possibilities of international cooperation for the Kurds in such fields as politics, science, civic organization, literature, film or fine arts. The activity of Kurds living in Kurdistan (i.e. Turkey, Iraq and Iran) as well as in European countries including Poland in the fields of politics, science, civic organization, literature, film or fine arts is now developing rapidly. Since it has definitely become more complex and sophisticated over the last twenty years it needs thorough attention and examination.<\/span><\/p>\n<p><a href=\"http:\/\/www.io.filg.uj.edu.pl\/\">Institute of Oriental Studies UJ<br \/>\n<\/a><\/p>\n<p><a href=\"http:\/\/www2.filg.uj.edu.pl\/ifo\/iranistyka\/index.htm\" target=\"_blank\" rel=\"noopener noreferrer\">Department of iranian Studies IO UJ<\/a><\/p>\n<p><span style=\"color: #000000;\">Our Partners:<\/span><\/p>\n<p><a href=\"http:\/\/www.orient.uj.edu.pl\/newsite\/index.php\">The Institute of Middle and Far Eastern Studies<\/a><\/p>\n<p><span style=\"color: #000000;\">Kurdish Center for Information and Documentation<\/span><\/p>\n<p><a href=\"https:\/\/www.facebook.com\/pages\/Wyprawa-Rado%C5%9B%C4%87-za-jedno-spas\/167933266629896\" target=\"_blank\" rel=\"noopener noreferrer\"><strong>Projekt Rado\u015b\u0107 za jedno Spas<\/strong><\/a><\/p>\n<p><a href=\"http:\/\/www.polmeco.com\/\" target=\"_blank\" rel=\"noopener noreferrer\">Poland Middle East and North Africa Trade and Cooperation<\/a>[\/vc_column_text][\/vc_column][\/vc_row][vc_row][vc_column][vc_column_text]<\/p>\n<div id=\"c384644\" class=\" \">\n<div class=\"ce-textpic ce-center ce-above \">\n<h1 class=\"ce-bodytext\" style=\"text-align: center;\">Kurdish Language Autumn School (KLAS2017)<\/h1>\n<\/div>\n<\/div>\n<section class=\"page-content__main \">\n<div id=\"c384642\" class=\" ce \">\n<div class=\"ce-textpic ce-right ce-intext \">\n<div class=\"ce-bodytext\">\n<h4 style=\"text-align: center;\">University of Bamberg<br \/>\n4<sup>th<\/sup>\u201315<sup>th<\/sup> September 2017<\/h4>\n<p style=\"text-align: justify;\">Background<\/p>\n<p style=\"text-align: justify;\">Set in the heart of the beautifully-preserved medieval city of Bamberg, this two-week Autumn School offers intensive language courses in the main varieties of Kurdish, plus a mix of workshops and seminars by leading experts in the field of Kurdish linguistics. KLAS2017 is hosted by the Institute for Oriental Studies at the University of Bamberg.<\/p>\n<p style=\"text-align: justify;\">Sorani and Kurmanji will be offered at two levels for the full duration of the course, while shorter courses in Hawrami and Zazaki will also be available. Details of the programme will go online shortly. Additionally, participants may choose from a variety of afternoon workshops, for example close reading of literary and academic Kurmanji, selected topics in sociolinguistics, or comparative Kurdish morphosyntax. Participants in the language courses will be eligible for earning European Credit Transfer points.<\/p>\n<p style=\"text-align: justify;\">Organizing Committee<\/p>\n<p style=\"text-align: justify;\"><a href=\"https:\/\/www.uni-bamberg.de\/aspra\/mitarbeiter\/prof-dr-geoffrey-haig\/\">Geoffrey Haig<\/a>, <em>University of Bamberg<\/em><br \/>\nErgin \u00d6pengin, <em>Bo\u011fazi\u00e7i University, Istanbul<\/em><br \/>\n<a href=\"https:\/\/carleton.ca\/slals\/people\/sheyholislami-jaffer\/\" target=\"external\">Jaffer Sheyholislami<\/a>, <em>Carleton University, Ottawa<\/em><\/p>\n<\/div>\n<\/div>\n<\/div>\n<\/section>\n<p>[\/vc_column_text]<div class=\"margin-top-x2 text-center\"><a href=\"https:\/\/www.uni-bamberg.de\/aspra\/forschung\/veranstaltungen\/kurdish-language-autumn-school-klas2017\/\" target=\"_self\" class=\"btn gold-btn \">Details<\/a><\/div>[\/vc_column][vc_column][\/vc_column][\/vc_row][vc_row bg_section_color=&#8221;grey&#8221;][vc_column][vc_column_text]<\/p>\n<h1 style=\"text-align: center;\">Language Contact and Language Change in Western Asia<\/h1>\n<h4 style=\"text-align: center;\">10<sup>th<\/sup> to 12<sup>th<\/sup> March 2017<\/h4>\n<h4 style=\"text-align: center;\">Goethe University Frankfurt, Germany<\/h4>\n<p><strong>CALL FOR PAPERS<\/strong><\/p>\n<p><strong>\u00a0<\/strong><strong>Call deadline<\/strong><\/p>\n<p>15<sup>th<\/sup> December 2016 for abstract submission<\/p>\n<p><strong>Submissions<\/strong><\/p>\n<p>Proposals are open to anyone but we especially welcome:<\/p>\n<ol>\n<li>Postgraduate students (MA, MPhil, MSt, etc.);<\/li>\n<li>PhD students\/candidates and post-docs at any stage of their degree.<\/li>\n<\/ol>\n<p>We invite submissions of preliminary abstracts (max. 1 page, excluding references) for 20 minute presentations. Please send your abstracts through <a href=\"https:\/\/easychair.org\/conferences\/?conf=lclcwa2017\" data-saferedirecturl=\"https:\/\/www.google.com\/url?hl=en&amp;q=https:\/\/easychair.org\/conferences\/?conf%3Dlclcwa2017&amp;source=gmail&amp;ust=1477851149341000&amp;usg=AFQjCNEUDaWC3XZDigDygL0pZ4rEAtBSkA\">https:\/\/easychair.org\/conferences\/?conf=lclcwa2017<\/a> by 15<sup>th<\/sup> December 2016.<\/p>\n<p><strong>Important dates:<\/strong><\/p>\n<p>15<sup>th<\/sup> December 2016 \u2014 Call deadline (submission of abstracts)<\/p>\n<p>10<sup>th<\/sup> January 2017 \u2014 Notification of acceptance[\/vc_column_text]<div class=\"margin-top-x2 text-center\"><a href=\"https:\/\/easychair.org\/account\/signin.cgi?key=44845552.dwz2hNXRvIDvfIZn\" target=\"_self\" class=\"btn gold-btn \">Submit here<\/a><\/div>[\/vc_column][\/vc_row]<\/p>\n","protected":false},"excerpt":{"rendered":"<p>[vc_row][vc_column][vc_column_text] FOR SUBMITTING ABSTRACTS AND PANEL PROPOSALS IISKS CONFERENCE|FRANKFURT AM MAIN|2017 &nbsp; In response to the many requests we have received for additional time, the deadline for the submission of conference abstracts\/panel proposals for IISKS CONFERENCE|FRANKFURT AM MAIN|2017 has been extended to APRIL 10, 2017. Please click on the following link to access the submissions [&hellip;]<\/p>\n","protected":false},"author":1,"featured_media":0,"parent":0,"menu_order":0,"comment_status":"closed","ping_status":"closed","template":"","meta":{"_bbp_topic_count":0,"_bbp_reply_count":0,"_bbp_total_topic_count":0,"_bbp_total_reply_count":0,"_bbp_voice_count":0,"_bbp_anonymous_reply_count":0,"_bbp_topic_count_hidden":0,"_bbp_reply_count_hidden":0,"_bbp_forum_subforum_count":0,"footnotes":""},"class_list":["post-2175","page","type-page","status-publish","hentry"],"_links":{"self":[{"href":"http:\/\/www.iisks.com\/ku\/wp-json\/wp\/v2\/pages\/2175","targetHints":{"allow":["GET"]}}],"collection":[{"href":"http:\/\/www.iisks.com\/ku\/wp-json\/wp\/v2\/pages"}],"about":[{"href":"http:\/\/www.iisks.com\/ku\/wp-json\/wp\/v2\/types\/page"}],"author":[{"embeddable":true,"href":"http:\/\/www.iisks.com\/ku\/wp-json\/wp\/v2\/users\/1"}],"replies":[{"embeddable":true,"href":"http:\/\/www.iisks.com\/ku\/wp-json\/wp\/v2\/comments?post=2175"}],"version-history":[{"count":1,"href":"http:\/\/www.iisks.com\/ku\/wp-json\/wp\/v2\/pages\/2175\/revisions"}],"predecessor-version":[{"id":2176,"href":"http:\/\/www.iisks.com\/ku\/wp-json\/wp\/v2\/pages\/2175\/revisions\/2176"}],"wp:attachment":[{"href":"http:\/\/www.iisks.com\/ku\/wp-json\/wp\/v2\/media?parent=2175"}],"curies":[{"name":"wp","href":"https:\/\/api.w.org\/{rel}","templated":true}]}}